{"id":23441,"date":"2021-11-09T14:20:13","date_gmt":"2021-11-09T14:20:13","guid":{"rendered":"https:\/\/www.prismaphotonics.com\/media-news\/"},"modified":"2024-05-30T08:04:59","modified_gmt":"2024-05-30T08:04:59","slug":"medien-aktuelles","status":"publish","type":"page","link":"https:\/\/www.prismaphotonics.com\/de\/medien-aktuelles\/","title":{"rendered":"Medien &#038; Aktuelles"},"content":{"rendered":"","protected":false},"excerpt":{"rendered":"","protected":false},"author":7,"featured_media":0,"parent":0,"menu_order":0,"comment_status":"closed","ping_status":"closed","template":"page-templates\/page-blog.php","meta":{"_acf_changed":false,"content-type":"","footnotes":""},"class_list":["post-23441","page","type-page","status-publish","hentry"],"acf":[],"yoast_head":"<!-- This site is optimized with the Yoast SEO plugin v27.2 - https:\/\/yoast.com\/product\/yoast-seo-wordpress\/ -->\n<title>Medien &amp; Aktuelles - Prisma Photonics<\/title>\n<meta name=\"description\" content=\"Neueste Entwicklungen und Brancheneinblicke von Prisma Photonics, Echtzeit\u00fcberwachung und -einblicke f\u00fcr gro\u00dffl\u00e4chige kritische Versorgungsunternehmen.\" \/>\n<meta name=\"robots\" content=\"index, follow, max-snippet:-1, max-image-preview:large, max-video-preview:-1\" \/>\n<meta property=\"og:locale\" content=\"de_DE\" \/>\n<meta property=\"og:type\" content=\"article\" \/>\n<meta property=\"og:title\" content=\"Medien &amp; Aktuelles - Prisma Photonics\" \/>\n<meta property=\"og:description\" content=\"Neueste Entwicklungen und Brancheneinblicke von Prisma Photonics, Echtzeit\u00fcberwachung und -einblicke f\u00fcr gro\u00dffl\u00e4chige kritische Versorgungsunternehmen.\" \/>\n<meta property=\"og:url\" content=\"https:\/\/www.prismaphotonics.com\/de\/medien-aktuelles\/\" \/>\n<meta property=\"og:site_name\" content=\"Prisma Photonics\" \/>\n<meta property=\"article:modified_time\" content=\"2024-05-30T08:04:59+00:00\" \/>\n<meta name=\"twitter:card\" content=\"summary_large_image\" \/>\n<script type=\"application\/ld+json\" class=\"yoast-schema-graph\">{\"@context\":\"https:\/\/schema.org\",\"@graph\":[{\"@type\":\"WebPage\",\"@id\":\"https:\/\/www.prismaphotonics.com\/de\/medien-aktuelles\/\",\"url\":\"https:\/\/www.prismaphotonics.com\/de\/medien-aktuelles\/\",\"name\":\"Medien & Aktuelles - Prisma Photonics\",\"isPartOf\":{\"@id\":\"https:\/\/www.prismaphotonics.com\/de\/#website\"},\"datePublished\":\"2021-11-09T14:20:13+00:00\",\"dateModified\":\"2024-05-30T08:04:59+00:00\",\"description\":\"Neueste Entwicklungen und Brancheneinblicke von Prisma Photonics, Echtzeit\u00fcberwachung und -einblicke f\u00fcr gro\u00dffl\u00e4chige kritische Versorgungsunternehmen.\",\"breadcrumb\":{\"@id\":\"https:\/\/www.prismaphotonics.com\/de\/medien-aktuelles\/#breadcrumb\"},\"inLanguage\":\"de\",\"potentialAction\":[{\"@type\":\"ReadAction\",\"target\":[\"https:\/\/www.prismaphotonics.com\/de\/medien-aktuelles\/\"]}]},{\"@type\":\"BreadcrumbList\",\"@id\":\"https:\/\/www.prismaphotonics.com\/de\/medien-aktuelles\/#breadcrumb\",\"itemListElement\":[{\"@type\":\"ListItem\",\"position\":1,\"name\":\"Home\",\"item\":\"https:\/\/www.prismaphotonics.com\/de\/\"},{\"@type\":\"ListItem\",\"position\":2,\"name\":\"Medien &#038; Aktuelles\"}]},{\"@type\":\"WebSite\",\"@id\":\"https:\/\/www.prismaphotonics.com\/de\/#website\",\"url\":\"https:\/\/www.prismaphotonics.com\/de\/\",\"name\":\"Prisma Photonics\",\"description\":\"Next Generation Fiber-Sensing Technology\",\"potentialAction\":[{\"@type\":\"SearchAction\",\"target\":{\"@type\":\"EntryPoint\",\"urlTemplate\":\"https:\/\/www.prismaphotonics.com\/de\/?s={search_term_string}\"},\"query-input\":{\"@type\":\"PropertyValueSpecification\",\"valueRequired\":true,\"valueName\":\"search_term_string\"}}],\"inLanguage\":\"de\"}]}<\/script>\n<!-- \/ Yoast SEO plugin. -->","yoast_head_json":{"title":"Medien & Aktuelles - Prisma Photonics","description":"Neueste Entwicklungen und Brancheneinblicke von Prisma Photonics, Echtzeit\u00fcberwachung und -einblicke f\u00fcr gro\u00dffl\u00e4chige kritische Versorgungsunternehmen.","robots":{"index":"index","follow":"follow","max-snippet":"max-snippet:-1","max-image-preview":"max-image-preview:large","max-video-preview":"max-video-preview:-1"},"og_locale":"de_DE","og_type":"article","og_title":"Medien & Aktuelles - Prisma Photonics","og_description":"Neueste Entwicklungen und Brancheneinblicke von Prisma Photonics, Echtzeit\u00fcberwachung und -einblicke f\u00fcr gro\u00dffl\u00e4chige kritische Versorgungsunternehmen.","og_url":"https:\/\/www.prismaphotonics.com\/de\/medien-aktuelles\/","og_site_name":"Prisma Photonics","article_modified_time":"2024-05-30T08:04:59+00:00","twitter_card":"summary_large_image","schema":{"@context":"https:\/\/schema.org","@graph":[{"@type":"WebPage","@id":"https:\/\/www.prismaphotonics.com\/de\/medien-aktuelles\/","url":"https:\/\/www.prismaphotonics.com\/de\/medien-aktuelles\/","name":"Medien & Aktuelles - Prisma Photonics","isPartOf":{"@id":"https:\/\/www.prismaphotonics.com\/de\/#website"},"datePublished":"2021-11-09T14:20:13+00:00","dateModified":"2024-05-30T08:04:59+00:00","description":"Neueste Entwicklungen und Brancheneinblicke von Prisma Photonics, Echtzeit\u00fcberwachung und -einblicke f\u00fcr gro\u00dffl\u00e4chige kritische Versorgungsunternehmen.","breadcrumb":{"@id":"https:\/\/www.prismaphotonics.com\/de\/medien-aktuelles\/#breadcrumb"},"inLanguage":"de","potentialAction":[{"@type":"ReadAction","target":["https:\/\/www.prismaphotonics.com\/de\/medien-aktuelles\/"]}]},{"@type":"BreadcrumbList","@id":"https:\/\/www.prismaphotonics.com\/de\/medien-aktuelles\/#breadcrumb","itemListElement":[{"@type":"ListItem","position":1,"name":"Home","item":"https:\/\/www.prismaphotonics.com\/de\/"},{"@type":"ListItem","position":2,"name":"Medien &#038; Aktuelles"}]},{"@type":"WebSite","@id":"https:\/\/www.prismaphotonics.com\/de\/#website","url":"https:\/\/www.prismaphotonics.com\/de\/","name":"Prisma Photonics","description":"Next Generation Fiber-Sensing Technology","potentialAction":[{"@type":"SearchAction","target":{"@type":"EntryPoint","urlTemplate":"https:\/\/www.prismaphotonics.com\/de\/?s={search_term_string}"},"query-input":{"@type":"PropertyValueSpecification","valueRequired":true,"valueName":"search_term_string"}}],"inLanguage":"de"}]}},"_links":{"self":[{"href":"https:\/\/www.prismaphotonics.com\/de\/wp-json\/wp\/v2\/pages\/23441","targetHints":{"allow":["GET"]}}],"collection":[{"href":"https:\/\/www.prismaphotonics.com\/de\/wp-json\/wp\/v2\/pages"}],"about":[{"href":"https:\/\/www.prismaphotonics.com\/de\/wp-json\/wp\/v2\/types\/page"}],"author":[{"embeddable":true,"href":"https:\/\/www.prismaphotonics.com\/de\/wp-json\/wp\/v2\/users\/7"}],"replies":[{"embeddable":true,"href":"https:\/\/www.prismaphotonics.com\/de\/wp-json\/wp\/v2\/comments?post=23441"}],"version-history":[{"count":4,"href":"https:\/\/www.prismaphotonics.com\/de\/wp-json\/wp\/v2\/pages\/23441\/revisions"}],"predecessor-version":[{"id":25012,"href":"https:\/\/www.prismaphotonics.com\/de\/wp-json\/wp\/v2\/pages\/23441\/revisions\/25012"}],"wp:attachment":[{"href":"https:\/\/www.prismaphotonics.com\/de\/wp-json\/wp\/v2\/media?parent=23441"}],"curies":[{"name":"wp","href":"https:\/\/api.w.org\/{rel}","templated":true}]}}